{"id":188,"date":"2024-10-24T17:44:24","date_gmt":"2024-10-24T15:44:24","guid":{"rendered":"https:\/\/xn--viosdacorua-2dbi.gal\/ixp-terra-de-betanzos\/"},"modified":"2025-06-07T17:48:19","modified_gmt":"2025-06-07T15:48:19","slug":"ixp-terra-de-betanzos","status":"publish","type":"page","link":"https:\/\/xn--viosdacorua-2dbi.gal\/es\/ixp-terra-de-betanzos\/","title":{"rendered":"IXP Terra de Betanzos"},"content":{"rendered":"\t\t<div data-elementor-type=\"wp-page\" data-elementor-id=\"188\" class=\"elementor elementor-188 elementor-175\" data-elementor-post-type=\"page\">\n\t\t\t\t<div class=\"elementor-element elementor-element-678c13c e-con-full e-flex e-con e-parent\" data-id=\"678c13c\" data-element_type=\"container\" data-settings=\"{&quot;background_background&quot;:&quot;classic&quot;}\">\n\t\t\t\t<\/div>\n\t\t<div class=\"elementor-element elementor-element-5047376b e-flex e-con-boxed e-con e-parent\" data-id=\"5047376b\" data-element_type=\"container\">\n\t\t\t\t\t<div class=\"e-con-inner\">\n\t\t\t\t<div class=\"elementor-element elementor-element-2cc9d12 elementor-widget elementor-widget-text-editor\" data-id=\"2cc9d12\" data-element_type=\"widget\" data-widget_type=\"text-editor.default\">\n\t\t\t\t<div class=\"elementor-widget-container\">\n\t\t\t\t\t\t\t<h1><strong>IXP Terra de Betanzos<\/strong><\/h1>\t\t\t\t\t\t<\/div>\n\t\t\t\t<\/div>\n\t\t\t\t<div class=\"elementor-element elementor-element-b7910f0 elementor-widget elementor-widget-text-editor\" data-id=\"b7910f0\" data-element_type=\"widget\" data-widget_type=\"text-editor.default\">\n\t\t\t\t<div class=\"elementor-widget-container\">\n\t\t\t\t\t\t\t<p>Ochocientos a\u00f1os de historia acumula el Betanzos actual desde aquel febrero de 1219 en el que el rey Alfonso IX autoriz\u00f3 a vecinos y vecinas a cruzar el r\u00edo Mandeo desde San Marti\u00f1o de Tiobre y ocupar el castro de Untia para acabar convirti\u00e9ndose en una de las siete ciudades del Antiguo Reino de Galicia. Y en la cuna de ese Mandeo, y de su afluente el r\u00edo Mendo, se despliegan los valles que cobijan y acarician la urbe betanceira. En las tierras de esos f\u00e9rtiles valles reposan las castas aut\u00f3ctonas que le otorgan a los vinos de la zona sus caracter\u00edsticas singulares. Un cultivo, el del vino, que hunde sus ra\u00edces cuando menos en el Betanzos del medievo, con referencias documentadas sobre reglamentos de producci\u00f3n y tiempos de vendimia ya en la altura del s.XVI.<\/p><p>Con la caricia de las suaves temperaturas y a la luz de las orientaciones que el discurrir del agua le ofrece a los bancales vit\u00edcolas de esta \u00e1rea, con la pr\u00e1ctica artesanal de la sabidur\u00eda familiar heredada a lo largo de generaciones, se desarrolla el potencial enol\u00f3gico de la actual Indicaci\u00f3n Geogr\u00e1fica Protegida Vino de la Tierra de Betanzos.<\/p><p>De hecho, la influencia atl\u00e1ntica determina una moderaci\u00f3n de las temperaturas que, en la opini\u00f3n de los expertos, es especialmente significativa en los per\u00edodos de m\u00e1xima vegetaci\u00f3n de la vid. Son vi\u00f1as plantadas en suelos francos y profundos, con condiciones de luz y temperatura que condicionan las graduaciones alcoh\u00f3licas y los valores de acidez y otorgan su singularidad a los vinos.<\/p><p><strong>\u00c1rea geogr\u00e1fica<\/strong><\/p><p>La zona amparada por la Indicaci\u00f3n Geogr\u00e1fica Protegida Betanzos, en espacios exclusivamente en la provincia de A Coru\u00f1a, est\u00e1 constitu\u00edda por tierras aptas para la producci\u00f3n de uva de los ayuntamientos de Bergondo, Betanzos, Coir\u00f3s, Mi\u00f1o y Paderne, as\u00ed como de las parroquias de Abegondo, Cabanas, Cerneda, Cos, Cullergondo, Leiro, Limi\u00f1\u00f3n, Mabegondo, Meangos, Montouto, Presedo, Sarand\u00f3ns, Vilacoba y Vi\u00f3s en el ayuntamiento de Abegondo; de las parroquias de Bandoxa, Cis, Cu\u00ed\u00f1a, Mondoi, Oza, Porzomillos, Reboredo, Salto y Vivente del ayuntamiento de Oza dos R\u00edos y de las parroquias de Osedo y So\u00f1eiro del ayuntamiento de Sada.<\/p><p><strong>Uvas cultivadas<\/strong><\/p><p><strong>En vinos blancos, recomendadas:<\/strong><\/p><ul class=\"wp-block-list\"><li>Godello<\/li><li>Branco leg\u00edtimo (Albar\u00edn blanco)<\/li><li>Agudelo (Chenin blanc)<\/li><\/ul><p><strong>En vinos blancos, autorizadas:<\/strong><\/p><ul class=\"wp-block-list\"><li>Palomino<\/li><\/ul><p><strong>En vinos tintos, recomendadas:<\/strong><\/p><ul class=\"wp-block-list\"><li>Menc\u00eda<\/li><li>Brancellao<\/li><li>Merenzao<\/li><\/ul><p><strong>En vinos tintos, autorizadas:<\/strong><\/p><ul class=\"wp-block-list\"><li>Gran negro<\/li><li>Garnacha tintorera<\/li><\/ul><p><strong>Tipos de vinos amparados:<\/strong><\/p><ul class=\"wp-block-list\"><li>Blancos y tintos, elaborados con un m\u00ednimo de 60% de uvas de las variedades consideradas como recomendadas.<\/li><li>La graduaci\u00f3n alcoh\u00f3lica m\u00ednima de los vinos monovarietales es del 11% en volumen y en el resto de un 10%.<\/li><\/ul><p><strong>Caracter\u00edsticas <\/strong><strong>de los vinos blancos<\/strong><\/p><ul class=\"wp-block-list\"><li>Vinos ligeros, de graduaciones alcoh\u00f3licas moderadas.<\/li><li>Presentan un color amarillo p\u00e1lido, con reflejos verdosos, en un abanico que va desde el color amarillo dorado p\u00e1lido hasta el amarillo lim\u00f3n.<\/li><li>Sus aromas expresan fruta y florales.<\/li><li>Su sabor en boca es ligero y fresco, con toques ligeramente \u00e1cidos finales y muestran un postgusto persistente.<\/li><\/ul><p><strong>Caracter\u00edsticas<\/strong><strong> de los vinos tintos<\/strong><\/p><ul class=\"wp-block-list\"><li>Vinos ligeros, de graduaciones alcoh\u00f3licas moderadas.<\/li><li>Presentan colores de intensidad media, en una gama de rojo-cereza a rojo cereza oscuro con ribetes viol\u00e1ceos.<\/li><li>Expresan aromas a frutos del bosque.<\/li><li>Su sabor es suave, con estructura y persistencia medias, paso suave y ligeramente t\u00e1nico.<\/li><\/ul><p><strong>Marco <\/strong><strong>j<\/strong><strong>ur\u00eddico<\/strong><\/p><ul class=\"wp-block-list\"><li>La creaci\u00f3n de la IXP Vi\u00f1os da Terra de Betanzos est\u00e1 definida por la Orden de 8 de noviembre de 2000 de la Conseller\u00eda de Agricultura, Ganader\u00eda y Pol\u00edtica Agroalimentaria de la Xunta de Galicia (DOG n\u00ba 224, do 20\/11\/2000), que establece las condiciones b\u00e1sicas que deben cumplirse para acogerse a esta denominaci\u00f3n los vinos producidos en la zona, as\u00ed como las posteriores modificaciones legislativas recogidas en el Diario Oficial de Galicia.<\/li><li>Orden del 21 de diciembre de 2006, de la Conseller\u00eda de Medio Rural de la Xunta de Galicia (DOG n\u00ba 2 de 03\/01\/2007)<\/li><li>Orden del 28 de abril de 2008, de la Conseller\u00eda de Medio Rural de la Xunta de Galicia (DOG n\u00ba 89 de 09\/05\/2008)<\/li><li>Orden del 1 de febrero de 2012 de la Conseller\u00eda de Medio Rural y de Mar (DOG num. 31, de 14\/02\/2012)<\/li><\/ul><p><strong>Pliego de condiciones<\/strong><\/p><ul><li><a href=\"https:\/\/xn--viosdacorua-2dbi.gal\/wp-content\/uploads\/2024\/10\/prego-de-condicions-ixp-betanzos_2018_12_21.pdf\" target=\"_blank\" rel=\"noreferrer noopener\" data-type=\"link\" data-id=\"https:\/\/xn--viosdacorua-2dbi.gal\/wp-content\/uploads\/2024\/10\/prego-de-condicions-ixp-betanzos_2018_12_21.pdf\">Pulsa para descargar pdf<\/a><\/li><\/ul><p><strong>Ficha t\u00e9cnica m\u00e1s rec<\/strong><strong>i<\/strong><strong>ente (AGACAL, 2023)<\/strong><\/p><ul><li><a href=\"https:\/\/xn--viosdacorua-2dbi.gal\/wp-content\/uploads\/2024\/10\/Ficha-Tecnica-IXP-Betanzos-2023.pdf\" target=\"_blank\" rel=\"noreferrer noopener\" data-type=\"link\" data-id=\"https:\/\/xn--viosdacorua-2dbi.gal\/wp-content\/uploads\/2024\/10\/Ficha-Tecnica-IXP-Betanzos-2023.pdf\">Pulsa para descargar pdf<\/a><\/li><\/ul><p><strong>Registros de actividad y producci\u00f3n (datos a 31 de diciembre de 2023)<\/strong><\/p><ul><li>Superficie en producci\u00f3n: 6 ha<\/li><li>Viticultores: 7<\/li><li>Industrias: 6<\/li><\/ul><p><strong>Volumen de actividad 2023<\/strong><\/p><ul><li>Producci\u00f3n uva: 26.064 kg<\/li><li>Vino cualificado : 7.747 l<\/li><li>Valor econ\u00f3mico estimado: 33.000 \u20ac<\/li><\/ul><p>\u00a0<\/p>\t\t\t\t\t\t<\/div>\n\t\t\t\t<\/div>\n\t\t\t\t\t<\/div>\n\t\t\t\t<\/div>\n\t\t\t\t<\/div>\n\t\t","protected":false},"excerpt":{"rendered":"<p>IXP Terra de Betanzos Ochocientos a\u00f1os de historia acumula el Betanzos actual desde aquel febrero de 1219 en el que el rey Alfonso IX autoriz\u00f3 a vecinos y vecinas a cruzar el r\u00edo Mandeo desde San Marti\u00f1o de Tiobre y ocupar el castro de Untia para acabar convirti\u00e9ndose en una de las siete ciudades del [&hellip;]<\/p>\n","protected":false},"author":2,"featured_media":0,"parent":0,"menu_order":0,"comment_status":"closed","ping_status":"closed","template":"","meta":{"footnotes":""},"class_list":["post-188","page","type-page","status-publish","hentry"],"yoast_head":"<!-- This site is optimized with the Yoast SEO plugin v24.0 - https:\/\/yoast.com\/wordpress\/plugins\/seo\/ -->\n<title>IXP Terra de Betanzos - Vi\u00f1os da Coru\u00f1a<\/title>\n<meta name=\"robots\" content=\"index, follow, max-snippet:-1, max-image-preview:large, max-video-preview:-1\" \/>\n<link rel=\"canonical\" href=\"https:\/\/xn--viosdacorua-2dbi.gal\/es\/ixp-terra-de-betanzos\/\" \/>\n<meta property=\"og:locale\" content=\"es_ES\" \/>\n<meta property=\"og:type\" content=\"article\" \/>\n<meta property=\"og:title\" content=\"IXP Terra de Betanzos - Vi\u00f1os da Coru\u00f1a\" \/>\n<meta property=\"og:description\" content=\"IXP Terra de Betanzos Ochocientos a\u00f1os de historia acumula el Betanzos actual desde aquel febrero de 1219 en el que el rey Alfonso IX autoriz\u00f3 a vecinos y vecinas a cruzar el r\u00edo Mandeo desde San Marti\u00f1o de Tiobre y ocupar el castro de Untia para acabar convirti\u00e9ndose en una de las siete ciudades del [&hellip;]\" \/>\n<meta property=\"og:url\" content=\"https:\/\/xn--viosdacorua-2dbi.gal\/es\/ixp-terra-de-betanzos\/\" \/>\n<meta property=\"og:site_name\" content=\"Vi\u00f1os da Coru\u00f1a\" \/>\n<meta property=\"article:modified_time\" content=\"2025-06-07T15:48:19+00:00\" \/>\n<meta property=\"og:image\" content=\"https:\/\/xn--viosdacorua-2dbi.gal\/wp-content\/uploads\/2024\/12\/logo_vinhos.jpg\" \/>\n\t<meta property=\"og:image:width\" content=\"1600\" \/>\n\t<meta property=\"og:image:height\" content=\"563\" \/>\n\t<meta property=\"og:image:type\" content=\"image\/jpeg\" \/>\n<meta name=\"twitter:card\" content=\"summary_large_image\" \/>\n<meta name=\"twitter:label1\" content=\"Tiempo de lectura\" \/>\n\t<meta name=\"twitter:data1\" content=\"4 minutos\" \/>\n<script type=\"application\/ld+json\" class=\"yoast-schema-graph\">{\"@context\":\"https:\/\/schema.org\",\"@graph\":[{\"@type\":\"WebPage\",\"@id\":\"https:\/\/xn--viosdacorua-2dbi.gal\/es\/ixp-terra-de-betanzos\/\",\"url\":\"https:\/\/xn--viosdacorua-2dbi.gal\/es\/ixp-terra-de-betanzos\/\",\"name\":\"IXP Terra de Betanzos - Vi\u00f1os da Coru\u00f1a\",\"isPartOf\":{\"@id\":\"https:\/\/xn--viosdacorua-2dbi.gal\/es\/#website\"},\"datePublished\":\"2024-10-24T15:44:24+00:00\",\"dateModified\":\"2025-06-07T15:48:19+00:00\",\"breadcrumb\":{\"@id\":\"https:\/\/xn--viosdacorua-2dbi.gal\/es\/ixp-terra-de-betanzos\/#breadcrumb\"},\"inLanguage\":\"es\",\"potentialAction\":[{\"@type\":\"ReadAction\",\"target\":[\"https:\/\/xn--viosdacorua-2dbi.gal\/es\/ixp-terra-de-betanzos\/\"]}]},{\"@type\":\"BreadcrumbList\",\"@id\":\"https:\/\/xn--viosdacorua-2dbi.gal\/es\/ixp-terra-de-betanzos\/#breadcrumb\",\"itemListElement\":[{\"@type\":\"ListItem\",\"position\":1,\"name\":\"Inicio\",\"item\":\"https:\/\/xn--viosdacorua-2dbi.gal\/es\/\"},{\"@type\":\"ListItem\",\"position\":2,\"name\":\"IXP Terra de Betanzos\"}]},{\"@type\":\"WebSite\",\"@id\":\"https:\/\/xn--viosdacorua-2dbi.gal\/es\/#website\",\"url\":\"https:\/\/xn--viosdacorua-2dbi.gal\/es\/\",\"name\":\"Vi\u00f1os da Coru\u00f1a\",\"description\":\"Os vi\u00f1os da Coru\u00f1a\",\"publisher\":{\"@id\":\"https:\/\/xn--viosdacorua-2dbi.gal\/es\/#organization\"},\"alternateName\":\"Vi\u00f1os da provincia da Coru\u00f1a\",\"potentialAction\":[{\"@type\":\"SearchAction\",\"target\":{\"@type\":\"EntryPoint\",\"urlTemplate\":\"https:\/\/xn--viosdacorua-2dbi.gal\/es\/?s={search_term_string}\"},\"query-input\":{\"@type\":\"PropertyValueSpecification\",\"valueRequired\":true,\"valueName\":\"search_term_string\"}}],\"inLanguage\":\"es\"},{\"@type\":\"Organization\",\"@id\":\"https:\/\/xn--viosdacorua-2dbi.gal\/es\/#organization\",\"name\":\"Vi\u00f1os da Provincia de A Coru\u00f1a\",\"alternateName\":\"Vi\u00f1os da Provincia de A Coru\u00f1a\",\"url\":\"https:\/\/xn--viosdacorua-2dbi.gal\/es\/\",\"logo\":{\"@type\":\"ImageObject\",\"inLanguage\":\"es\",\"@id\":\"https:\/\/xn--viosdacorua-2dbi.gal\/es\/#\/schema\/logo\/image\/\",\"url\":\"https:\/\/xn--viosdacorua-2dbi.gal\/wp-content\/uploads\/2024\/12\/logo_vinhos.jpg\",\"contentUrl\":\"https:\/\/xn--viosdacorua-2dbi.gal\/wp-content\/uploads\/2024\/12\/logo_vinhos.jpg\",\"width\":1600,\"height\":563,\"caption\":\"Vi\u00f1os da Provincia de A Coru\u00f1a\"},\"image\":{\"@id\":\"https:\/\/xn--viosdacorua-2dbi.gal\/es\/#\/schema\/logo\/image\/\"}}]}<\/script>\n<!-- \/ Yoast SEO plugin. -->","yoast_head_json":{"title":"IXP Terra de Betanzos - Vi\u00f1os da Coru\u00f1a","robots":{"index":"index","follow":"follow","max-snippet":"max-snippet:-1","max-image-preview":"max-image-preview:large","max-video-preview":"max-video-preview:-1"},"canonical":"https:\/\/xn--viosdacorua-2dbi.gal\/es\/ixp-terra-de-betanzos\/","og_locale":"es_ES","og_type":"article","og_title":"IXP Terra de Betanzos - Vi\u00f1os da Coru\u00f1a","og_description":"IXP Terra de Betanzos Ochocientos a\u00f1os de historia acumula el Betanzos actual desde aquel febrero de 1219 en el que el rey Alfonso IX autoriz\u00f3 a vecinos y vecinas a cruzar el r\u00edo Mandeo desde San Marti\u00f1o de Tiobre y ocupar el castro de Untia para acabar convirti\u00e9ndose en una de las siete ciudades del [&hellip;]","og_url":"https:\/\/xn--viosdacorua-2dbi.gal\/es\/ixp-terra-de-betanzos\/","og_site_name":"Vi\u00f1os da Coru\u00f1a","article_modified_time":"2025-06-07T15:48:19+00:00","og_image":[{"width":1600,"height":563,"url":"https:\/\/xn--viosdacorua-2dbi.gal\/wp-content\/uploads\/2024\/12\/logo_vinhos.jpg","type":"image\/jpeg"}],"twitter_card":"summary_large_image","twitter_misc":{"Tiempo de lectura":"4 minutos"},"schema":{"@context":"https:\/\/schema.org","@graph":[{"@type":"WebPage","@id":"https:\/\/xn--viosdacorua-2dbi.gal\/es\/ixp-terra-de-betanzos\/","url":"https:\/\/xn--viosdacorua-2dbi.gal\/es\/ixp-terra-de-betanzos\/","name":"IXP Terra de Betanzos - Vi\u00f1os da Coru\u00f1a","isPartOf":{"@id":"https:\/\/xn--viosdacorua-2dbi.gal\/es\/#website"},"datePublished":"2024-10-24T15:44:24+00:00","dateModified":"2025-06-07T15:48:19+00:00","breadcrumb":{"@id":"https:\/\/xn--viosdacorua-2dbi.gal\/es\/ixp-terra-de-betanzos\/#breadcrumb"},"inLanguage":"es","potentialAction":[{"@type":"ReadAction","target":["https:\/\/xn--viosdacorua-2dbi.gal\/es\/ixp-terra-de-betanzos\/"]}]},{"@type":"BreadcrumbList","@id":"https:\/\/xn--viosdacorua-2dbi.gal\/es\/ixp-terra-de-betanzos\/#breadcrumb","itemListElement":[{"@type":"ListItem","position":1,"name":"Inicio","item":"https:\/\/xn--viosdacorua-2dbi.gal\/es\/"},{"@type":"ListItem","position":2,"name":"IXP Terra de Betanzos"}]},{"@type":"WebSite","@id":"https:\/\/xn--viosdacorua-2dbi.gal\/es\/#website","url":"https:\/\/xn--viosdacorua-2dbi.gal\/es\/","name":"Vi\u00f1os da Coru\u00f1a","description":"Os vi\u00f1os da Coru\u00f1a","publisher":{"@id":"https:\/\/xn--viosdacorua-2dbi.gal\/es\/#organization"},"alternateName":"Vi\u00f1os da provincia da Coru\u00f1a","potentialAction":[{"@type":"SearchAction","target":{"@type":"EntryPoint","urlTemplate":"https:\/\/xn--viosdacorua-2dbi.gal\/es\/?s={search_term_string}"},"query-input":{"@type":"PropertyValueSpecification","valueRequired":true,"valueName":"search_term_string"}}],"inLanguage":"es"},{"@type":"Organization","@id":"https:\/\/xn--viosdacorua-2dbi.gal\/es\/#organization","name":"Vi\u00f1os da Provincia de A Coru\u00f1a","alternateName":"Vi\u00f1os da Provincia de A Coru\u00f1a","url":"https:\/\/xn--viosdacorua-2dbi.gal\/es\/","logo":{"@type":"ImageObject","inLanguage":"es","@id":"https:\/\/xn--viosdacorua-2dbi.gal\/es\/#\/schema\/logo\/image\/","url":"https:\/\/xn--viosdacorua-2dbi.gal\/wp-content\/uploads\/2024\/12\/logo_vinhos.jpg","contentUrl":"https:\/\/xn--viosdacorua-2dbi.gal\/wp-content\/uploads\/2024\/12\/logo_vinhos.jpg","width":1600,"height":563,"caption":"Vi\u00f1os da Provincia de A Coru\u00f1a"},"image":{"@id":"https:\/\/xn--viosdacorua-2dbi.gal\/es\/#\/schema\/logo\/image\/"}}]}},"_links":{"self":[{"href":"https:\/\/xn--viosdacorua-2dbi.gal\/es\/wp-json\/wp\/v2\/pages\/188","targetHints":{"allow":["GET"]}}],"collection":[{"href":"https:\/\/xn--viosdacorua-2dbi.gal\/es\/wp-json\/wp\/v2\/pages"}],"about":[{"href":"https:\/\/xn--viosdacorua-2dbi.gal\/es\/wp-json\/wp\/v2\/types\/page"}],"author":[{"embeddable":true,"href":"https:\/\/xn--viosdacorua-2dbi.gal\/es\/wp-json\/wp\/v2\/users\/2"}],"replies":[{"embeddable":true,"href":"https:\/\/xn--viosdacorua-2dbi.gal\/es\/wp-json\/wp\/v2\/comments?post=188"}],"version-history":[{"count":30,"href":"https:\/\/xn--viosdacorua-2dbi.gal\/es\/wp-json\/wp\/v2\/pages\/188\/revisions"}],"predecessor-version":[{"id":1828,"href":"https:\/\/xn--viosdacorua-2dbi.gal\/es\/wp-json\/wp\/v2\/pages\/188\/revisions\/1828"}],"wp:attachment":[{"href":"https:\/\/xn--viosdacorua-2dbi.gal\/es\/wp-json\/wp\/v2\/media?parent=188"}],"curies":[{"name":"wp","href":"https:\/\/api.w.org\/{rel}","templated":true}]}}